{"id":294,"date":"2024-07-22T15:38:59","date_gmt":"2024-07-22T12:38:59","guid":{"rendered":"https:\/\/www.kumaskesimmotoru.com\/?page_id=294"},"modified":"2024-07-22T15:38:59","modified_gmt":"2024-07-22T12:38:59","slug":"ulasim-bilgileri","status":"publish","type":"page","link":"https:\/\/www.kumaskesimmotoru.com\/index.php\/ulasim-bilgileri\/","title":{"rendered":"Ula\u015f\u0131m Bilgileri"},"content":{"rendered":"\n<p>Harita, Navigasyon ve Lokasyon Bilgileri<\/p>\n\n\n\n<p><strong>\u0130LET\u0130\u015e\u0130M: 0538 749 34 59<\/strong><\/p>\n\n\n\n<p><strong>\u0130STANBUL-T\u00dcRK\u0130YE<\/strong><\/p>\n\n\n\n<p><strong>T\u00dcM KUMA\u015e KES\u0130M MOTORU \u00c7E\u015e\u0130TLER\u0130 TAM\u0130R\u0130 \u0130\u00c7\u0130N ARAYINIZ:<\/strong><\/p>\n\n\n\n<p><strong>Kuma\u015f Kesim Motoru Ve Her T\u00fcrl\u00fc Diki\u015f Makinesi Tamiri ve Her Model Kuma\u015f Kesim Motoru Ve Diki\u015f Makinesi Al\u0131m-Sat\u0131m Online Yedek Par\u00e7a Sat\u0131\u015f\u0131<\/strong><\/p>\n\n\n\n<p><strong>Merkez Mahallesi, Salih Pa\u015fa Caddesi, Bah\u00e7e Sokak 10\/A Gaziosmanpa\u015fa\/\u0130stanbul<\/strong><\/p>\n\n\n\n<p><strong>Promethe Elektronik, Kuma\u015f Kesim Motoru Bak\u0131m-Onar\u0131m Ve Tamir Servisi, \u0130leti\u015fim: (+90) 0538 749 34 59<\/strong><\/p>\n\n\n\n<h1 class=\"wp-block-heading\">Ula\u015f\u0131m Bilgileri<\/h1>\n\n\n\n<h2 class=\"wp-block-heading\"><strong>Lokasyon: Merkez Mahallesi, Salih Pa\u015fa Caddesi, Bah\u00e7e Sokak No: 10\/A Gaziosmanpa\u015fa\/\u0130stanbul\/T\u00fcrkiye<br>\u0130leti\u015fim: (+90) 0538 749 34 59<\/strong><\/h2>\n\n\n\n<h2 class=\"wp-block-heading\">Randevu Almadan L\u00fctfen Yola \u00c7\u0131kmay\u0131n\u0131z\u2026<br>\u0130leti\u015fim: (+90) 0538 749 34 59<\/h2>\n\n\n\n<p><strong>Navigasyon\/Harita\/Lokasyon Linki \u0130\u00e7in<a href=\"https:\/\/yandex.com.tr\/harita\/115696\/gaziosmanpasa\/?ll=28.911891%2C41.055640&amp;mode=whatshere&amp;whatshere%5Bpoint%5D=28.911486%2C41.055813&amp;whatshere%5Bzoom%5D=16&amp;z=17\" target=\"_blank\" rel=\"noreferrer noopener\">&nbsp;TIKLAYINIZ<\/a>!<\/strong><\/p>\n","protected":false},"excerpt":{"rendered":"<p>Harita, Navigasyon ve Lokasyon Bilgileri \u0130LET\u0130\u015e\u0130M: 0538 749 34 59 \u0130STANBUL-T\u00dcRK\u0130YE T\u00dcM KUMA\u015e KES\u0130M MOTORU \u00c7E\u015e\u0130TLER\u0130 TAM\u0130R\u0130 \u0130\u00c7\u0130N ARAYINIZ: Kuma\u015f Kesim Motoru Ve Her T\u00fcrl\u00fc Diki\u015f Makinesi Tamiri ve Her Model Kuma\u015f Kesim Motoru Ve Diki\u015f Makinesi Al\u0131m-Sat\u0131m Online Yedek Par\u00e7a Sat\u0131\u015f\u0131 Merkez Mahallesi, Salih Pa\u015fa Caddesi, Bah\u00e7e Sokak 10\/A Gaziosmanpa\u015fa\/\u0130stanbul Promethe Elektronik, Kuma\u015f Kesim [&hellip;]<\/p>\n","protected":false},"author":3,"featured_media":0,"parent":0,"menu_order":0,"comment_status":"closed","ping_status":"closed","template":"","meta":{"footnotes":""},"class_list":["post-294","page","type-page","status-publish","hentry"],"_links":{"self":[{"href":"https:\/\/www.kumaskesimmotoru.com\/index.php\/wp-json\/wp\/v2\/pages\/294","targetHints":{"allow":["GET"]}}],"collection":[{"href":"https:\/\/www.kumaskesimmotoru.com\/index.php\/wp-json\/wp\/v2\/pages"}],"about":[{"href":"https:\/\/www.kumaskesimmotoru.com\/index.php\/wp-json\/wp\/v2\/types\/page"}],"author":[{"embeddable":true,"href":"https:\/\/www.kumaskesimmotoru.com\/index.php\/wp-json\/wp\/v2\/users\/3"}],"replies":[{"embeddable":true,"href":"https:\/\/www.kumaskesimmotoru.com\/index.php\/wp-json\/wp\/v2\/comments?post=294"}],"version-history":[{"count":1,"href":"https:\/\/www.kumaskesimmotoru.com\/index.php\/wp-json\/wp\/v2\/pages\/294\/revisions"}],"predecessor-version":[{"id":295,"href":"https:\/\/www.kumaskesimmotoru.com\/index.php\/wp-json\/wp\/v2\/pages\/294\/revisions\/295"}],"wp:attachment":[{"href":"https:\/\/www.kumaskesimmotoru.com\/index.php\/wp-json\/wp\/v2\/media?parent=294"}],"curies":[{"name":"wp","href":"https:\/\/api.w.org\/{rel}","templated":true}]}}